{"id":745,"date":"2020-06-16T06:55:49","date_gmt":"2020-06-16T06:55:49","guid":{"rendered":"https:\/\/zakra-agency.sites.qsandbox.com\/?page_id=22"},"modified":"2022-09-21T08:48:33","modified_gmt":"2022-09-21T08:48:33","slug":"o-nas","status":"publish","type":"page","link":"https:\/\/pukgminasiemiatycze.pl\/index.php\/o-nas\/","title":{"rendered":"O nas"},"content":{"rendered":"\t\t<div data-elementor-type=\"wp-page\" data-elementor-id=\"745\" class=\"elementor elementor-745\">\n\t\t\t\t\t\t<section class=\"elementor-section elementor-top-section elementor-element elementor-element-624d7ff elementor-section-stretched elementor-section-boxed elementor-section-height-default elementor-section-height-default\" data-id=\"624d7ff\" data-element_type=\"section\" data-settings=\"{&quot;stretch_section&quot;:&quot;section-stretched&quot;,&quot;background_background&quot;:&quot;classic&quot;}\">\n\t\t\t\t\t\t<div class=\"elementor-container elementor-column-gap-default\">\n\t\t\t\t\t<div class=\"elementor-column elementor-col-100 elementor-top-column elementor-element elementor-element-4306f4d\" data-id=\"4306f4d\" data-element_type=\"column\">\n\t\t\t<div class=\"elementor-widget-wrap elementor-element-populated\">\n\t\t\t\t\t\t<div class=\"elementor-element elementor-element-8003bf4 elementor-widget elementor-widget-text-editor\" data-id=\"8003bf4\" data-element_type=\"widget\" data-widget_type=\"text-editor.default\">\n\t\t\t\t<div class=\"elementor-widget-container\">\n\t\t\t\t\t\t\t\t\t<p style=\"font-size: 14.4px; font-style: normal;\"><b style=\"font-family: inherit; font-size: 22px; font-style: inherit;\">Przedsi\u0119biorstwo Us\u0142ug Komunalnych sp. z o.o. w Siemiatyczach-Stacji rozpocz\u0119\u0142o sw\u0105 dzia\u0142alno\u015b\u0107 od 1 lipca 2020 roku. Organem zarz\u0105dzaj\u0105cym w Przedsi\u0119biorstwie jest Zarz\u0105d Sp\u00f3\u0142ki w sk\u0142adzie: Artur Borku\u0142ak &#8211; Prezes Zarz\u0105du.<\/b><\/p><p><b style=\"font-family: inherit; font-style: inherit;\">Profil dzia\u0142alno\u015bci Przedsi\u0119biorstwa \u015bci\u015ble zwi\u0105zany jest z\u00a0<\/b><b style=\"font-family: inherit; font-style: inherit;\">zapotrzebowaniem Gminy Siemiatycze i jej mieszka\u0144c\u00f3w. Obejmuje on w\u00a0<\/b><b style=\"font-family: inherit; font-style: inherit;\">szczeg\u00f3lno\u015bci zadania o charakterze u\u017cyteczno\u015bci publicznej, kt\u00f3rych celem jest\u00a0<\/b><b style=\"font-family: inherit; font-style: inherit;\">bie\u017c\u0105ce zaspokajanie potrzeb ludno\u015bci.<\/b><\/p><p><b style=\"font-family: inherit; font-style: inherit;\">Przedsi\u0119biorstwo \u015bwiadczy us\u0142ugi r\u00f3wnie\u017c dla indywidualnych zleceniobiorc\u00f3w, takie jak:<\/b><\/p><ul><li><b style=\"font-family: inherit; font-style: inherit;\">us\u0142ugi koparko-\u0142adowark\u0105,<\/b><\/li><li><b style=\"font-family: inherit; font-style: inherit;\">us\u0142ugi transportowe,<\/b><\/li><li><b style=\"font-family: inherit; font-style: inherit;\">us\u0142ugi budowlane i remontowe,<\/b><\/li><li><b style=\"font-family: inherit; font-style: inherit;\">uk\u0142adanie kostki brukowej,<\/b><\/li><li><b style=\"font-family: inherit; font-style: inherit;\">prace rozbi\u00f3rkowe,<\/b><\/li><li><b style=\"font-family: inherit; font-style: inherit;\">us\u0142ugi koszenia,<\/b><\/li><li><b style=\"font-family: inherit; font-style: inherit;\">instalacje wodno-kanalizacyjne,<\/b><\/li><li><b style=\"font-family: inherit; font-style: inherit;\">monta\u017c szamba,<\/b><\/li><li><b style=\"font-family: inherit; font-style: inherit;\">prace rozbi\u00f3rkowe i wywo\u017cenie gruzu.<\/b><\/li><\/ul>\t\t\t\t\t\t\t\t<\/div>\n\t\t\t\t<\/div>\n\t\t\t\t\t<\/div>\n\t\t<\/div>\n\t\t\t\t\t<\/div>\n\t\t<\/section>\n\t\t\t\t<section class=\"elementor-section elementor-top-section elementor-element elementor-element-2899837 elementor-section-stretched elementor-section-boxed elementor-section-height-default elementor-section-height-default\" data-id=\"2899837\" data-element_type=\"section\" data-settings=\"{&quot;stretch_section&quot;:&quot;section-stretched&quot;,&quot;background_background&quot;:&quot;classic&quot;}\">\n\t\t\t\t\t\t<div class=\"elementor-container elementor-column-gap-default\">\n\t\t\t\t\t<div class=\"elementor-column elementor-col-100 elementor-top-column elementor-element elementor-element-5403f42\" data-id=\"5403f42\" data-element_type=\"column\">\n\t\t\t<div class=\"elementor-widget-wrap elementor-element-populated\">\n\t\t\t\t\t\t<div class=\"elementor-element elementor-element-3b2b5c8 elementor-invisible elementor-widget elementor-widget-image\" data-id=\"3b2b5c8\" data-element_type=\"widget\" data-settings=\"{&quot;_animation&quot;:&quot;fadeInRight&quot;}\" data-widget_type=\"image.default\">\n\t\t\t\t<div class=\"elementor-widget-container\">\n\t\t\t\t\t\t\t\t\t\t\t\t\t\t\t<img decoding=\"async\" src=\"https:\/\/pukgminasiemiatycze.pl\/wp-content\/uploads\/2022\/02\/na2.png\" title=\"na2\" alt=\"na2\" loading=\"lazy\" \/>\t\t\t\t\t\t\t\t\t\t\t\t\t\t\t<\/div>\n\t\t\t\t<\/div>\n\t\t\t\t\t<\/div>\n\t\t<\/div>\n\t\t\t\t\t<\/div>\n\t\t<\/section>\n\t\t\t\t<section class=\"elementor-section elementor-top-section elementor-element elementor-element-6cf1c75 elementor-section-stretched elementor-section-boxed elementor-section-height-default elementor-section-height-default\" data-id=\"6cf1c75\" data-element_type=\"section\" data-settings=\"{&quot;stretch_section&quot;:&quot;section-stretched&quot;,&quot;background_background&quot;:&quot;classic&quot;}\">\n\t\t\t\t\t\t<div class=\"elementor-container elementor-column-gap-default\">\n\t\t\t\t\t<div class=\"elementor-column elementor-col-100 elementor-top-column elementor-element elementor-element-c9abb44\" data-id=\"c9abb44\" data-element_type=\"column\">\n\t\t\t<div class=\"elementor-widget-wrap elementor-element-populated\">\n\t\t\t\t\t\t<div class=\"elementor-element elementor-element-f2eb62a elementor-widget elementor-widget-text-editor\" data-id=\"f2eb62a\" data-element_type=\"widget\" data-widget_type=\"text-editor.default\">\n\t\t\t\t<div class=\"elementor-widget-container\">\n\t\t\t\t\t\t\t\t\t<p><span style=\"font-size: 22px;\"><b>Adres:\u00a0<\/b>ul. Kolejowa 2, 17-300 Siemiatycze-Stacja<br \/><b>Regon: <\/b><\/span><span style=\"font-size: 22px;\">386489602<br \/><b>NIP: <\/b><\/span><span style=\"font-size: 22px;\">544 154 16 96<br \/><b>Rachunek bankowy: <\/b><\/span><span style=\"font-size: 22px;\">41 8092 0001 0006 9919 2000 0010 <br \/><\/span><\/p>\t\t\t\t\t\t\t\t<\/div>\n\t\t\t\t<\/div>\n\t\t\t\t\t<\/div>\n\t\t<\/div>\n\t\t\t\t\t<\/div>\n\t\t<\/section>\n\t\t\t\t<section class=\"elementor-section elementor-top-section elementor-element elementor-element-958d0ea elementor-section-boxed elementor-section-height-default elementor-section-height-default\" data-id=\"958d0ea\" data-element_type=\"section\">\n\t\t\t\t\t\t<div class=\"elementor-container elementor-column-gap-default\">\n\t\t\t\t\t<div class=\"elementor-column elementor-col-100 elementor-top-column elementor-element elementor-element-8e030ba\" data-id=\"8e030ba\" data-element_type=\"column\">\n\t\t\t<div class=\"elementor-widget-wrap elementor-element-populated\">\n\t\t\t\t\t\t<div class=\"elementor-element elementor-element-f3fa73d elementor-widget elementor-widget-spacer\" data-id=\"f3fa73d\" data-element_type=\"widget\" data-widget_type=\"spacer.default\">\n\t\t\t\t<div class=\"elementor-widget-container\">\n\t\t\t\t\t\t\t<div class=\"elementor-spacer\">\n\t\t\t<div class=\"elementor-spacer-inner\"><\/div>\n\t\t<\/div>\n\t\t\t\t\t\t<\/div>\n\t\t\t\t<\/div>\n\t\t\t\t\t<\/div>\n\t\t<\/div>\n\t\t\t\t\t<\/div>\n\t\t<\/section>\n\t\t\t\t<section class=\"elementor-section elementor-inner-section elementor-element elementor-element-6f92f3bd elementor-section-boxed elementor-section-height-default elementor-section-height-default\" data-id=\"6f92f3bd\" data-element_type=\"section\">\n\t\t\t\t\t\t<div class=\"elementor-container elementor-column-gap-default\">\n\t\t\t\t\t<div class=\"elementor-column elementor-col-50 elementor-inner-column elementor-element elementor-element-2ab4cc46\" data-id=\"2ab4cc46\" data-element_type=\"column\">\n\t\t\t<div class=\"elementor-widget-wrap elementor-element-populated\">\n\t\t\t\t\t\t<div class=\"elementor-element elementor-element-8c72d67 elementor-widget elementor-widget-text-editor\" data-id=\"8c72d67\" data-element_type=\"widget\" data-widget_type=\"text-editor.default\">\n\t\t\t\t<div class=\"elementor-widget-container\">\n\t\t\t\t\t\t\t\t\t<p>Przedsi\u0119biorstwo Us\u0142ug Komunalnych sp. z o.o. w Siemiatyczach-Stacji<br>ul. Kolejowa 2, 17-300 Siemiatycze-Stacja<\/p>\n<p><b>NIP:<\/b> 544-154-16-96<br><b>Regon:<\/b> 386489602<\/p>\n<p><b>Numer KRS:<\/b> 0000850990&nbsp;<br>S\u0105d Rejonowy w Bia\u0142ymstoku, XII Wydzia\u0142 Gospodarczy Krajowego Rejestru S\u0105dowego<\/p>\n<p><b>Kapita\u0142 zak\u0142adowy:<\/b> 100 000 z\u0142<br><b>Nr konta: <\/b>41 8092 0001 0006 9919 2000 0010<\/p>\n<p><\/p>\t\t\t\t\t\t\t\t<\/div>\n\t\t\t\t<\/div>\n\t\t\t\t\t<\/div>\n\t\t<\/div>\n\t\t\t\t<div class=\"elementor-column elementor-col-50 elementor-inner-column elementor-element elementor-element-37a9f30f\" data-id=\"37a9f30f\" data-element_type=\"column\">\n\t\t\t<div class=\"elementor-widget-wrap elementor-element-populated\">\n\t\t\t\t\t\t<div class=\"elementor-element elementor-element-1951d120 elementor-widget elementor-widget-text-editor\" data-id=\"1951d120\" data-element_type=\"widget\" data-widget_type=\"text-editor.default\">\n\t\t\t\t<div class=\"elementor-widget-container\">\n\t\t\t\t\t\t\t\t\t<p><b>\u00a0<\/b><\/p><p><b>Adres e-mail:\u00a0<\/b><br \/>puk@gminasiemiatycze.pl<\/p><p><b>Telefon:<\/b><br \/>515-226-339 &#8211; sekretariat<br \/>608 428 664 &#8211; drogownictwo<\/p><p><span style=\"font-weight: bold; font-family: Raleway, sans-serif; font-size: 13px; font-style: normal; text-align: start;\">Godziny otwarcia:\u00a0<br \/><\/span><span style=\"font-family: Raleway, sans-serif; font-size: 13px; font-style: normal; font-weight: 400; text-align: start;\">od poniedzia\u0142ku do pi\u0105tku w godzinach 7:30-15:30<\/span><\/p>\t\t\t\t\t\t\t\t<\/div>\n\t\t\t\t<\/div>\n\t\t\t\t\t<\/div>\n\t\t<\/div>\n\t\t\t\t\t<\/div>\n\t\t<\/section>\n\t\t\t\t<\/div>\n\t\t","protected":false},"excerpt":{"rendered":"<p>Przedsi\u0119biorstwo Us\u0142ug Komunalnych sp. z o.o. w Siemiatyczach-Stacji rozpocz\u0119\u0142o sw\u0105 dzia\u0142alno\u015b\u0107 od 1 lipca 2020 roku. Organem zarz\u0105dzaj\u0105cym w Przedsi\u0119biorstwie jest Zarz\u0105d Sp\u00f3\u0142ki w sk\u0142adzie: Artur Borku\u0142ak &#8211; Prezes Zarz\u0105du. Profil dzia\u0142alno\u015bci Przedsi\u0119biorstwa \u015bci\u015ble zwi\u0105zany jest z\u00a0zapotrzebowaniem Gminy Siemiatycze i jej mieszka\u0144c\u00f3w. Obejmuje on w\u00a0szczeg\u00f3lno\u015bci zadania o charakterze u\u017cyteczno\u015bci publicznej, kt\u00f3rych celem jest\u00a0bie\u017c\u0105ce zaspokajanie potrzeb [&hellip;]<\/p>\n","protected":false},"author":1,"featured_media":0,"parent":0,"menu_order":0,"comment_status":"closed","ping_status":"closed","template":"","meta":{"footnotes":""},"class_list":["post-745","page","type-page","status-publish","hentry","post"],"_links":{"self":[{"href":"https:\/\/pukgminasiemiatycze.pl\/index.php\/wp-json\/wp\/v2\/pages\/745","targetHints":{"allow":["GET"]}}],"collection":[{"href":"https:\/\/pukgminasiemiatycze.pl\/index.php\/wp-json\/wp\/v2\/pages"}],"about":[{"href":"https:\/\/pukgminasiemiatycze.pl\/index.php\/wp-json\/wp\/v2\/types\/page"}],"author":[{"embeddable":true,"href":"https:\/\/pukgminasiemiatycze.pl\/index.php\/wp-json\/wp\/v2\/users\/1"}],"replies":[{"embeddable":true,"href":"https:\/\/pukgminasiemiatycze.pl\/index.php\/wp-json\/wp\/v2\/comments?post=745"}],"version-history":[{"count":0,"href":"https:\/\/pukgminasiemiatycze.pl\/index.php\/wp-json\/wp\/v2\/pages\/745\/revisions"}],"wp:attachment":[{"href":"https:\/\/pukgminasiemiatycze.pl\/index.php\/wp-json\/wp\/v2\/media?parent=745"}],"curies":[{"name":"wp","href":"https:\/\/api.w.org\/{rel}","templated":true}]}}