{"id":4059,"date":"2023-06-01T21:39:30","date_gmt":"2023-06-01T21:39:30","guid":{"rendered":"http:\/\/pukgminasiemiatycze.pl\/?page_id=4059"},"modified":"2026-01-29T23:52:43","modified_gmt":"2026-01-29T23:52:43","slug":"aktualnosci-news","status":"publish","type":"page","link":"https:\/\/pukgminasiemiatycze.pl\/","title":{"rendered":"Aktualno\u015bci"},"content":{"rendered":"\t\t<div data-elementor-type=\"wp-page\" data-elementor-id=\"4059\" class=\"elementor elementor-4059\">\n\t\t\t\t\t\t<section class=\"elementor-section elementor-top-section elementor-element elementor-element-3c37630 elementor-section-boxed elementor-section-height-default elementor-section-height-default\" data-id=\"3c37630\" data-element_type=\"section\">\n\t\t\t\t\t\t<div class=\"elementor-container elementor-column-gap-default\">\n\t\t\t\t\t<div class=\"elementor-column elementor-col-100 elementor-top-column elementor-element elementor-element-6c064c9\" data-id=\"6c064c9\" data-element_type=\"column\">\n\t\t\t<div class=\"elementor-widget-wrap elementor-element-populated\">\n\t\t\t\t\t\t<div class=\"elementor-element elementor-element-9d38544 elementor-widget elementor-widget-heading\" data-id=\"9d38544\" data-element_type=\"widget\" data-widget_type=\"heading.default\">\n\t\t\t\t<div class=\"elementor-widget-container\">\n\t\t\t\t\t<h1 class=\"elementor-heading-title elementor-size-default\">Aktualno\u015bci<\/h1>\t\t\t\t<\/div>\n\t\t\t\t<\/div>\n\t\t\t\t\t<\/div>\n\t\t<\/div>\n\t\t\t\t\t<\/div>\n\t\t<\/section>\n\t\t\t\t<section class=\"elementor-section elementor-top-section elementor-element elementor-element-f72057a elementor-section-boxed elementor-section-height-default elementor-section-height-default\" data-id=\"f72057a\" data-element_type=\"section\">\n\t\t\t\t\t\t<div class=\"elementor-container elementor-column-gap-default\">\n\t\t\t\t\t<div class=\"elementor-column elementor-col-100 elementor-top-column elementor-element elementor-element-ae8902c\" data-id=\"ae8902c\" data-element_type=\"column\">\n\t\t\t<div class=\"elementor-widget-wrap elementor-element-populated\">\n\t\t\t\t\t\t<div class=\"elementor-element elementor-element-b62cf44 elementor-widget elementor-widget-shortcode\" data-id=\"b62cf44\" data-element_type=\"widget\" data-widget_type=\"shortcode.default\">\n\t\t\t\t<div class=\"elementor-widget-container\">\n\t\t\t\t\t\t\t<div class=\"elementor-shortcode\"><div class=\"pt-cv-wrapper\"><div class=\"pt-cv-view pt-cv-blockgrid iscvblock iscvhybrid list1 layout1\" id=\"pt-cv-view-0e15c40bpr\"><div data-id=\"pt-cv-page-1\" class=\"pt-cv-page\" data-cvc=\"1\"><div class=\" pt-cv-content-item pt-cv-2-col\" ><div class=\"pt-cv-thumb-wrapper pull-left \"><a href=\"https:\/\/pukgminasiemiatycze.pl\/index.php\/2026\/04\/08\/uwaga-awaria\/\" class=\"_self pt-cv-href-thumbnail pt-cv-thumb-left\" target=\"_self\" ><img loading=\"lazy\" decoding=\"async\" width=\"150\" height=\"150\" src=\"https:\/\/pukgminasiemiatycze.pl\/wp-content\/uploads\/2026\/02\/wazna_informacja-150x150.png\" class=\"pt-cv-thumbnail pull-left\" alt=\"\" \/><\/a><\/div>\n<div class=\"pt-cv-colwrap\"><h4 class=\"pt-cv-title\"><a href=\"https:\/\/pukgminasiemiatycze.pl\/index.php\/2026\/04\/08\/uwaga-awaria\/\" class=\"_self\" target=\"_self\" >UWAGA AWARIA<\/a><\/h4><div class=\"pt-cv-content\">Awaria! UWAGA &#8211; PRZERWA W DOSTAWIE WODY Przedsi\u0119biorstwo Us\u0142ug Komunalnych Sp. z o.o. w Siemiatyczach-Stacji o awaryjnej przerwie w dostawie wody w dniu 8.04.2026. Przerwa dotyczy miejscowo\u015bci Czartajew. Przewidywany czas usuni\u0119cia awarii godz. 13 ...<br \/><div class=\"pt-cv-rmwrap\"><a href=\"https:\/\/pukgminasiemiatycze.pl\/index.php\/2026\/04\/08\/uwaga-awaria\/\" class=\"_self pt-cv-readmore btn btn-success\" target=\"_self\">Czytaj Dalej<\/a><\/div><\/div><div class=\"pt-cv-meta-fields\"><span class=\"entry-date\"> <time datetime=\"2026-04-08T08:26:01+00:00\">8 kwietnia, 2026<\/time><\/span><span> \/ <\/span><span class=\"terms\"> <a href='https:\/\/pukgminasiemiatycze.pl\/index.php\/category\/aktualnosci\/' title='Aktualno\u015bci' class='pt-cv-tax-aktualnosci'>Aktualno\u015bci<\/a><\/span><\/div><\/div><\/div>\n<div class=\" pt-cv-content-item pt-cv-2-col\" ><div class=\"pt-cv-thumb-wrapper pull-left \"><a href=\"https:\/\/pukgminasiemiatycze.pl\/index.php\/2026\/04\/01\/wesolych-swiat-5\/\" class=\"_self pt-cv-href-thumbnail pt-cv-thumb-left\" target=\"_self\" ><img loading=\"lazy\" decoding=\"async\" width=\"150\" height=\"150\" src=\"https:\/\/pukgminasiemiatycze.pl\/wp-content\/uploads\/2026\/04\/gify-zyczenia-wesolych-swiat-wielkanocnych-gif-1-150x150.jpeg\" class=\"pt-cv-thumbnail pull-left\" alt=\"\" \/><\/a><\/div>\n<div class=\"pt-cv-colwrap\"><h4 class=\"pt-cv-title\"><a href=\"https:\/\/pukgminasiemiatycze.pl\/index.php\/2026\/04\/01\/wesolych-swiat-5\/\" class=\"_self\" target=\"_self\" >WESO\u0141YCH \u015aWI\u0104T!<\/a><\/h4><div class=\"pt-cv-content\">Weso\u0142ego Alleluja! WESO\u0141YCH \u015aWI\u0104T WIELKANOCNYCH!Niech ten wyj\u0105tkowy czas przyniesie rado\u015b\u0107, spok\u00f3j oraz nadziej\u0119,a budz\u0105ca si\u0119 do \u017cycia wiosna nape\u0142ni serca optymizmem i energi\u0105.\u017byczymy zdrowia, pogody ducha, wielu ciep\u0142ych chwil w gronie najbli\u017cszych\u00a0oraz wszelkiej pomy\u015blno\u015bci w \u017cyciu osobistym i zawodowym.RADOSNEGO ALLELUJA\u017cyczy Artur Borku\u0142ak Prezes PUK Sp. z o.o. w Siemiatyczach-Stacji oraz ...<br \/><div class=\"pt-cv-rmwrap\"><a href=\"https:\/\/pukgminasiemiatycze.pl\/index.php\/2026\/04\/01\/wesolych-swiat-5\/\" class=\"_self pt-cv-readmore btn btn-success\" target=\"_self\">Czytaj Dalej<\/a><\/div><\/div><div class=\"pt-cv-meta-fields\"><span class=\"entry-date\"> <time datetime=\"2026-04-01T10:04:19+00:00\">1 kwietnia, 2026<\/time><\/span><span> \/ <\/span><span class=\"terms\"> <a href='https:\/\/pukgminasiemiatycze.pl\/index.php\/category\/aktualnosci\/' title='Aktualno\u015bci' class='pt-cv-tax-aktualnosci'>Aktualno\u015bci<\/a><\/span><\/div><\/div><\/div>\n<div class=\" pt-cv-content-item pt-cv-2-col\" ><div class=\"pt-cv-thumb-wrapper pull-left \"><a href=\"https:\/\/pukgminasiemiatycze.pl\/index.php\/2026\/03\/11\/dzien-soltysa-3\/\" class=\"_self pt-cv-href-thumbnail pt-cv-thumb-left\" target=\"_self\" ><img loading=\"lazy\" decoding=\"async\" width=\"150\" height=\"150\" src=\"https:\/\/pukgminasiemiatycze.pl\/wp-content\/uploads\/2026\/03\/unnamed-150x150.jpg\" class=\"pt-cv-thumbnail pull-left\" alt=\"\" \/><\/a><\/div>\n<div class=\"pt-cv-colwrap\"><h4 class=\"pt-cv-title\"><a href=\"https:\/\/pukgminasiemiatycze.pl\/index.php\/2026\/03\/11\/dzien-soltysa-3\/\" class=\"_self\" target=\"_self\" >Dzie\u0144 So\u0142tysa!<\/a><\/h4><div class=\"pt-cv-content\">Serdeczne \u017cyczenia&#8230; Z okazji Dnia So\u0142tysa serdeczne \u017cyczenia. Du\u017co zdrowia i wszelkiej pomy\u015blno\u015bci , wytrwa\u0142o\u015bci w codziennej pracy oraz sukces\u00f3w w realizacji plan\u00f3w. Niech nie zabraknie ludzkiej \u017cyczliwo\u015bci, wsparcia i szacunku za trud w\u0142o\u017cony w rozw\u00f3j naszej lokalnej spo\u0142eczno\u015bci. Niech ka\u017cdy dzie\u0144 przynosi satysfakcj\u0119 oraz powody do dumy \u017cyczy Artur ...<br \/><div class=\"pt-cv-rmwrap\"><a href=\"https:\/\/pukgminasiemiatycze.pl\/index.php\/2026\/03\/11\/dzien-soltysa-3\/\" class=\"_self pt-cv-readmore btn btn-success\" target=\"_self\">Czytaj Dalej<\/a><\/div><\/div><div class=\"pt-cv-meta-fields\"><span class=\"entry-date\"> <time datetime=\"2026-03-11T10:21:06+00:00\">11 marca, 2026<\/time><\/span><span> \/ <\/span><span class=\"terms\"> <a href='https:\/\/pukgminasiemiatycze.pl\/index.php\/category\/aktualnosci\/' title='Aktualno\u015bci' class='pt-cv-tax-aktualnosci'>Aktualno\u015bci<\/a><\/span><\/div><\/div><\/div>\n<div class=\" pt-cv-content-item pt-cv-2-col\" ><div class=\"pt-cv-thumb-wrapper pull-left \"><a href=\"https:\/\/pukgminasiemiatycze.pl\/index.php\/2026\/02\/18\/przydzial-inkasentow\/\" class=\"_self pt-cv-href-thumbnail pt-cv-thumb-left\" target=\"_self\" ><img loading=\"lazy\" decoding=\"async\" width=\"150\" height=\"150\" src=\"https:\/\/pukgminasiemiatycze.pl\/wp-content\/uploads\/2026\/02\/17e2e5d55a4396d505c9320963edfec334acd2-150x150.jpg\" class=\"pt-cv-thumbnail pull-left\" alt=\"\" \/><\/a><\/div>\n<div class=\"pt-cv-colwrap\"><h4 class=\"pt-cv-title\"><a href=\"https:\/\/pukgminasiemiatycze.pl\/index.php\/2026\/02\/18\/przydzial-inkasentow\/\" class=\"_self\" target=\"_self\" >Przydzia\u0142 inkasent\u00f3w<\/a><\/h4><div class=\"pt-cv-content\">iNFORMACJA Szanowni Pa\u0144stwo poni\u017cej przedstawiamy przydzia\u0142 inkasent\u00f3w wraz z numerami kontaktowymi dla poszczeg\u00f3lnych miejscowo\u015bci na terenie Gminy Siemiatycze. Bogdan Koczewski\u00a0 &#8211; 662 269 431 K\u0142opoty Bujny, K\u0142opoty Patry, K\u0142opoty Ba\u0144ki, K\u0142opoty Stanis\u0142awy, Lach\u00f3wka, Wiercie\u0144 Du\u017cy, Wiercie\u0144 Ma\u0142y, Wyromiejki, Grzyby-Orzepy, Moczyd\u0142y, Zalesie, Ku\u0142ygi, Krasewice Stare, Krasewice Jagie\u0142ki, Krasewice Czerepy, Cecele, Skiwy ...<br \/><div class=\"pt-cv-rmwrap\"><a href=\"https:\/\/pukgminasiemiatycze.pl\/index.php\/2026\/02\/18\/przydzial-inkasentow\/\" class=\"_self pt-cv-readmore btn btn-success\" target=\"_self\">Czytaj Dalej<\/a><\/div><\/div><div class=\"pt-cv-meta-fields\"><span class=\"entry-date\"> <time datetime=\"2026-02-18T13:37:04+00:00\">18 lutego, 2026<\/time><\/span><span> \/ <\/span><span class=\"terms\"> <a href='https:\/\/pukgminasiemiatycze.pl\/index.php\/category\/aktualnosci\/' title='Aktualno\u015bci' class='pt-cv-tax-aktualnosci'>Aktualno\u015bci<\/a><\/span><\/div><\/div><\/div>\n<div class=\" pt-cv-content-item pt-cv-2-col\" ><div class=\"pt-cv-thumb-wrapper pull-left \"><a href=\"https:\/\/pukgminasiemiatycze.pl\/index.php\/2026\/02\/12\/a-w-klopotach-stanislawach\/\" class=\"_self pt-cv-href-thumbnail pt-cv-thumb-left\" target=\"_self\" ><img loading=\"lazy\" decoding=\"async\" width=\"150\" height=\"150\" src=\"https:\/\/pukgminasiemiatycze.pl\/wp-content\/uploads\/2026\/02\/KS3-150x150.jpg\" class=\"pt-cv-thumbnail pull-left\" alt=\"\" \/><\/a><\/div>\n<div class=\"pt-cv-colwrap\"><h4 class=\"pt-cv-title\"><a href=\"https:\/\/pukgminasiemiatycze.pl\/index.php\/2026\/02\/12\/a-w-klopotach-stanislawach\/\" class=\"_self\" target=\"_self\" >A w K\u0142opotach Stanis\u0142awach&#8230;<\/a><\/h4><div class=\"pt-cv-content\">&#8230;trwaj\u0105 prace budowlane Po d\u0142u\u017cszej przerwie wracamy z fotogaleri\u0105 z budowy budynku wielofunkcyjnego w miejscowo\u015bci K\u0142opoty Stanis\u0142awy. Obiekt b\u0119dzie pe\u0142ni\u0142 funkcj\u0119 spo\u0142eczno-kulturaln\u0105 dla mieszka\u0144c\u00f3w a tak\u017ce stanie si\u0119 siedzib\u0105 jednostki OSP. Nowy budynek stworzy przestrze\u0144 do organizacji spotka\u0144, wydarze\u0144 kulturalnych, zaj\u0119\u0107 dla dzieci i m\u0142odzie\u017cy oraz integracji lokalnej spo\u0142eczno\u015bci.\u00a0 Prace ...<br \/><div class=\"pt-cv-rmwrap\"><a href=\"https:\/\/pukgminasiemiatycze.pl\/index.php\/2026\/02\/12\/a-w-klopotach-stanislawach\/\" class=\"_self pt-cv-readmore btn btn-success\" target=\"_self\">Czytaj Dalej<\/a><\/div><\/div><div class=\"pt-cv-meta-fields\"><span class=\"entry-date\"> <time datetime=\"2026-02-12T14:13:21+00:00\">12 lutego, 2026<\/time><\/span><span> \/ <\/span><span class=\"terms\"> <a href='https:\/\/pukgminasiemiatycze.pl\/index.php\/category\/aktualnosci\/' title='Aktualno\u015bci' class='pt-cv-tax-aktualnosci'>Aktualno\u015bci<\/a><\/span><\/div><\/div><\/div>\n<div class=\" pt-cv-content-item pt-cv-2-col\" ><div class=\"pt-cv-thumb-wrapper pull-left \"><a href=\"https:\/\/pukgminasiemiatycze.pl\/index.php\/2026\/02\/01\/komunikat\/\" class=\"_self pt-cv-href-thumbnail pt-cv-thumb-left\" target=\"_self\" ><img loading=\"lazy\" decoding=\"async\" width=\"150\" height=\"150\" src=\"https:\/\/pukgminasiemiatycze.pl\/wp-content\/uploads\/2026\/02\/wazna_informacja-150x150.png\" class=\"pt-cv-thumbnail pull-left\" alt=\"\" \/><\/a><\/div>\n<div class=\"pt-cv-colwrap\"><h4 class=\"pt-cv-title\"><a href=\"https:\/\/pukgminasiemiatycze.pl\/index.php\/2026\/02\/01\/komunikat\/\" class=\"_self\" target=\"_self\" >UWAGA! WA\u017bNA INFORMACJA !<\/a><\/h4><div class=\"pt-cv-content\">UWAGA! WA\u017bNA INFORMACJA ! W zwi\u0105zku z utrzymuj\u0105cymi si\u0119 niskimi temperaturami konieczne jest odpowiednie zabezpieczenie wodomierzy. Mr\u00f3z mo\u017ce powodowa\u0107 zamarzni\u0119cie wody w instalacji, a w dalszej konsekwencji prowadzi\u0107 do uszkodzenia wodomierza oraz innych element\u00f3w sieci wodoci\u0105gowej. Odbiorca ponosi koszty naprawy lub wymiany wodomierza, powsta\u0142e na skutek zamarzni\u0119cia wody. zastosowa\u0107 odpowiedni\u0105 ...<br \/><div class=\"pt-cv-rmwrap\"><a href=\"https:\/\/pukgminasiemiatycze.pl\/index.php\/2026\/02\/01\/komunikat\/\" class=\"_self pt-cv-readmore btn btn-success\" target=\"_self\">Czytaj Dalej<\/a><\/div><\/div><div class=\"pt-cv-meta-fields\"><span class=\"entry-date\"> <time datetime=\"2026-02-01T22:29:46+00:00\">1 lutego, 2026<\/time><\/span><span> \/ <\/span><span class=\"terms\"> <a href='https:\/\/pukgminasiemiatycze.pl\/index.php\/category\/aktualnosci\/' title='Aktualno\u015bci' class='pt-cv-tax-aktualnosci'>Aktualno\u015bci<\/a><\/span><\/div><\/div><\/div>\n<div class=\" pt-cv-content-item pt-cv-2-col\" ><div class=\"pt-cv-thumb-wrapper pull-left \"><a href=\"https:\/\/pukgminasiemiatycze.pl\/index.php\/2025\/12\/22\/wesolych-swiat-4\/\" class=\"_self pt-cv-href-thumbnail pt-cv-thumb-left\" target=\"_self\" ><img loading=\"lazy\" decoding=\"async\" width=\"150\" height=\"150\" src=\"https:\/\/pukgminasiemiatycze.pl\/wp-content\/uploads\/2025\/12\/kartka-swiateczna-ch-0338-1-150x150.jpg\" class=\"pt-cv-thumbnail pull-left\" alt=\"\" \/><\/a><\/div>\n<div class=\"pt-cv-colwrap\"><h4 class=\"pt-cv-title\"><a href=\"https:\/\/pukgminasiemiatycze.pl\/index.php\/2025\/12\/22\/wesolych-swiat-4\/\" class=\"_self\" target=\"_self\" >Weso\u0142ych \u015awi\u0105t!<\/a><\/h4><div class=\"pt-cv-content\">Weso\u0142ych \u015awi\u0105t! Z okazji \u015awi\u0105t Bo\u017cego Narodzenia \u017cyczymy rado\u015bci, ciep\u0142a i mi\u0142o\u015bci. Niech wigilijny wiecz\u00f3r przyniesie pok\u00f3j i harmoni\u0119, a blask gwiazdy betlejemskiej o\u015bwietli drog\u0119 do spe\u0142nienia marze\u0144. \u017byczymy, aby ka\u017cda chwila \u015awi\u0105t by\u0142a przepe\u0142niona serdeczno\u015bci\u0105, a Nowy Rok 2026 obfitowa\u0142 w zdrowie, szcz\u0119\u015bcie i pomy\u015blno\u015b\u0107. Z wyrazami szacunku Prezes ...<br \/><div class=\"pt-cv-rmwrap\"><a href=\"https:\/\/pukgminasiemiatycze.pl\/index.php\/2025\/12\/22\/wesolych-swiat-4\/\" class=\"_self pt-cv-readmore btn btn-success\" target=\"_self\">Czytaj Dalej<\/a><\/div><\/div><div class=\"pt-cv-meta-fields\"><span class=\"entry-date\"> <time datetime=\"2025-12-22T09:21:47+00:00\">22 grudnia, 2025<\/time><\/span><span> \/ <\/span><span class=\"terms\"> <a href='https:\/\/pukgminasiemiatycze.pl\/index.php\/category\/aktualnosci\/' title='Aktualno\u015bci' class='pt-cv-tax-aktualnosci'>Aktualno\u015bci<\/a><\/span><\/div><\/div><\/div>\n<div class=\" pt-cv-content-item pt-cv-2-col\" ><div class=\"pt-cv-thumb-wrapper pull-left \"><a href=\"https:\/\/pukgminasiemiatycze.pl\/index.php\/2025\/11\/05\/10-11-2025-poniedzialek-dniem-wolnym-od-pracy\/\" class=\"_self pt-cv-href-thumbnail pt-cv-thumb-left\" target=\"_self\" ><img loading=\"lazy\" decoding=\"async\" width=\"150\" height=\"150\" src=\"https:\/\/pukgminasiemiatycze.pl\/wp-content\/uploads\/2025\/11\/puk-dzien-wolny-150x150.jpg\" class=\"pt-cv-thumbnail pull-left\" alt=\"\" \/><\/a><\/div>\n<div class=\"pt-cv-colwrap\"><h4 class=\"pt-cv-title\"><a href=\"https:\/\/pukgminasiemiatycze.pl\/index.php\/2025\/11\/05\/10-11-2025-poniedzialek-dniem-wolnym-od-pracy\/\" class=\"_self\" target=\"_self\" >10.11.2025 (poniedzia\u0142ek) dniem wolnym od pracy<\/a><\/h4><div class=\"pt-cv-content\">INFORMACJA Dzie\u0144 10.11.2025 (poniedzia\u0142ek) b\u0119dzie dniem wolnym od pracy w PUK sp. z o.o. w Siemiatyczach-Stacji. W tym dniu nasze biuro b\u0119dzie nieczynne. Zapraszamy w \u015brod\u0119 12 listopada ...<br \/><div class=\"pt-cv-rmwrap\"><a href=\"https:\/\/pukgminasiemiatycze.pl\/index.php\/2025\/11\/05\/10-11-2025-poniedzialek-dniem-wolnym-od-pracy\/\" class=\"_self pt-cv-readmore btn btn-success\" target=\"_self\">Czytaj Dalej<\/a><\/div><\/div><div class=\"pt-cv-meta-fields\"><span class=\"entry-date\"> <time datetime=\"2025-11-05T09:38:41+00:00\">5 listopada, 2025<\/time><\/span><span> \/ <\/span><span class=\"terms\"> <a href='https:\/\/pukgminasiemiatycze.pl\/index.php\/category\/aktualnosci\/' title='Aktualno\u015bci' class='pt-cv-tax-aktualnosci'>Aktualno\u015bci<\/a><\/span><\/div><\/div><\/div>\n<div class=\" pt-cv-content-item pt-cv-2-col\" ><div class=\"pt-cv-thumb-wrapper pull-left \"><a href=\"https:\/\/pukgminasiemiatycze.pl\/index.php\/2025\/10\/20\/europejski-dzien-seniora\/\" class=\"_self pt-cv-href-thumbnail pt-cv-thumb-left\" target=\"_self\" ><img loading=\"lazy\" decoding=\"async\" width=\"150\" height=\"150\" src=\"https:\/\/pukgminasiemiatycze.pl\/wp-content\/uploads\/2025\/10\/dzien_seniora_1-150x150.png\" class=\"pt-cv-thumbnail pull-left\" alt=\"\" \/><\/a><\/div>\n<div class=\"pt-cv-colwrap\"><h4 class=\"pt-cv-title\"><a href=\"https:\/\/pukgminasiemiatycze.pl\/index.php\/2025\/10\/20\/europejski-dzien-seniora\/\" class=\"_self\" target=\"_self\" >Europejski Dzie\u0144 Seniora<\/a><\/h4><div class=\"pt-cv-content\">20 pa\u017adziernika Europejskim Dniem Seniora &#8222;Starzenie si\u0119 to niezwyk\u0142y proces, w kt\u00f3rym stajesz si\u0119 osob\u0105, kt\u00f3r\u0105 zawsze powiniene\u015b by\u0107.&#8221; &#8211; David Bowie Z okazji Europejskiego Dnia Seniora wszystkim Seniorom przesy\u0142amy \u017cyczenia, niech jesie\u0144 \u017cycia inspiruje do spe\u0142niania marze\u0144 oraz nastraja optymizmem, a ka\u017cdy dzie\u0144 przynosi wiele rado\u015bci i satysfakcji. Dzi\u0119kujemy, ...<br \/><div class=\"pt-cv-rmwrap\"><a href=\"https:\/\/pukgminasiemiatycze.pl\/index.php\/2025\/10\/20\/europejski-dzien-seniora\/\" class=\"_self pt-cv-readmore btn btn-success\" target=\"_self\">Czytaj Dalej<\/a><\/div><\/div><div class=\"pt-cv-meta-fields\"><span class=\"entry-date\"> <time datetime=\"2025-10-20T08:20:13+00:00\">20 pa\u017adziernika, 2025<\/time><\/span><span> \/ <\/span><span class=\"terms\"> <a href='https:\/\/pukgminasiemiatycze.pl\/index.php\/category\/aktualnosci\/' title='Aktualno\u015bci' class='pt-cv-tax-aktualnosci'>Aktualno\u015bci<\/a><\/span><\/div><\/div><\/div>\n<div class=\" pt-cv-content-item pt-cv-2-col\" ><div class=\"pt-cv-thumb-wrapper pull-left \"><a href=\"https:\/\/pukgminasiemiatycze.pl\/index.php\/2025\/09\/29\/korzeniowka-duza\/\" class=\"_self pt-cv-href-thumbnail pt-cv-thumb-left\" target=\"_self\" ><img loading=\"lazy\" decoding=\"async\" width=\"150\" height=\"150\" src=\"https:\/\/pukgminasiemiatycze.pl\/wp-content\/uploads\/2025\/09\/Korzeniowka-Duza-150x150.jpg\" class=\"pt-cv-thumbnail pull-left\" alt=\"\" \/><\/a><\/div>\n<div class=\"pt-cv-colwrap\"><h4 class=\"pt-cv-title\"><a href=\"https:\/\/pukgminasiemiatycze.pl\/index.php\/2025\/09\/29\/korzeniowka-duza\/\" class=\"_self\" target=\"_self\" >Korzeni\u00f3wka Du\u017ca<\/a><\/h4><div class=\"pt-cv-content\">Profilowanie i r\u00f3wnanie&#8230; Kolejne dzia\u0142ania Przedsi\u0119biorstwa Us\u0142ug Komunalnych Sp. z o.o. w Siemiatyczach Stacji skupiaj\u0105 si\u0119 na gminnych drogach. Ostatnia realizacja to profilowanie i r\u00f3wnanie drogi gminnej w miejscowo\u015bci Korzeni\u00f3wka Du\u017ca. I niech si\u0119 dobrze u\u017cytkuje&#8230; ...<br \/><div class=\"pt-cv-rmwrap\"><a href=\"https:\/\/pukgminasiemiatycze.pl\/index.php\/2025\/09\/29\/korzeniowka-duza\/\" class=\"_self pt-cv-readmore btn btn-success\" target=\"_self\">Czytaj Dalej<\/a><\/div><\/div><div class=\"pt-cv-meta-fields\"><span class=\"entry-date\"> <time datetime=\"2025-09-29T08:11:25+00:00\">29 wrze\u015bnia, 2025<\/time><\/span><span> \/ <\/span><span class=\"terms\"> <a href='https:\/\/pukgminasiemiatycze.pl\/index.php\/category\/aktualnosci\/' title='Aktualno\u015bci' class='pt-cv-tax-aktualnosci'>Aktualno\u015bci<\/a><\/span><\/div><\/div><\/div><\/div><\/div>\n<div class=\" pt-cv-pagination-wrapper\"><ul class=\"pt-cv-pagination pt-cv-ajax pagination\" data-totalpages=\"17\" data-currentpage=\"1\" data-sid=\"0e15c40bpr\" data-unid=\"\" data-isblock=\"\" data-postid=\"\"><li class=\"active\"><a href=\"#\">1<\/a><\/li>\n\t<li ><a class=\"\" href=\"https:\/\/pukgminasiemiatycze.pl\/index.php\/wp-json\/wp\/v2\/pages\/4059\/?_page=2\">2<\/a><\/li>\n\t<li ><a class=\"\" href=\"https:\/\/pukgminasiemiatycze.pl\/index.php\/wp-json\/wp\/v2\/pages\/4059\/?_page=3\">3<\/a><\/li>\n\t<li ><a href=\"#\">&hellip;<\/a><\/li>\n\t<li ><a class=\"\" href=\"https:\/\/pukgminasiemiatycze.pl\/index.php\/wp-json\/wp\/v2\/pages\/4059\/?_page=17\">17<\/a><\/li>\n\t<li ><a class=\" \" href=\"https:\/\/pukgminasiemiatycze.pl\/index.php\/wp-json\/wp\/v2\/pages\/4059\/?_page=2\">&rsaquo;<\/a><\/li>\n\t<\/ul><img loading=\"lazy\" decoding=\"async\" width=\"15\" height=\"15\" class=\"pt-cv-spinner\" alt=\"Loading...\" src=\"data:image\/gif;base64,R0lGODlhDwAPALMPAMrKygwMDJOTkz09PZWVla+vr3p6euTk5M7OzuXl5TMzMwAAAJmZmWZmZszMzP\/\/\/yH\/C05FVFNDQVBFMi4wAwEAAAAh+QQFCgAPACwAAAAADwAPAAAEQvDJaZaZOIcV8iQK8VRX4iTYoAwZ4iCYoAjZ4RxejhVNoT+mRGP4cyF4Pp0N98sBGIBMEMOotl6YZ3S61Bmbkm4mAgAh+QQFCgAPACwAAAAADQANAAAENPDJSRSZeA418itN8QiK8BiLITVsFiyBBIoYqnoewAD4xPw9iY4XLGYSjkQR4UAUD45DLwIAIfkEBQoADwAsAAAAAA8ACQAABC\/wyVlamTi3nSdgwFNdhEJgTJoNyoB9ISYoQmdjiZPcj7EYCAeCF1gEDo4Dz2eIAAAh+QQFCgAPACwCAAAADQANAAAEM\/DJBxiYeLKdX3IJZT1FU0iIg2RNKx3OkZVnZ98ToRD4MyiDnkAh6BkNC0MvsAj0kMpHBAAh+QQFCgAPACwGAAAACQAPAAAEMDC59KpFDll73HkAA2wVY5KgiK5b0RRoI6MuzG6EQqCDMlSGheEhUAgqgUUAFRySIgAh+QQFCgAPACwCAAIADQANAAAEM\/DJKZNLND\/kkKaHc3xk+QAMYDKsiaqmZCxGVjSFFCxB1vwy2oOgIDxuucxAMTAJFAJNBAAh+QQFCgAPACwAAAYADwAJAAAEMNAs86q1yaWwwv2Ig0jUZx3OYa4XoRAfwADXoAwfo1+CIjyFRuEho60aSNYlOPxEAAAh+QQFCgAPACwAAAIADQANAAAENPA9s4y8+IUVcqaWJ4qEQozSoAzoIyhCK2NFU2SJk0hNnyEOhKR2AzAAj4Pj4GE4W0bkJQIAOw==\" \/><div class=\"clear pt-cv-clear-pagination\"><\/div><\/div><\/div>\t\t\t<style type=\"text\/css\" id=\"pt-cv-inline-style-60819d0da0\">\n#pt-cv-view-0e15c40bpr .pt-cv-thumb-wrapper:not(.miniwrap) { width: 20%; }#pt-cv-view-0e15c40bpr .pt-cv-thumbnail:not(.pt-cv-thumbnailsm) { height: 20%; }#pt-cv-view-0e15c40bpr > .pt-cv-page {grid-template-columns: repeat(1, 1fr);grid-gap: 30px;}\n@media all and (max-width: 1024px) { \n#pt-cv-view-0e15c40bpr > .pt-cv-page {grid-template-columns: repeat(1, 1fr);}\n} \n@media all and (max-width: 767px) { \n#pt-cv-view-0e15c40bpr > .pt-cv-page {grid-template-columns: repeat(1, 1fr);}\n} <\/style>\r\n\t\t\t<\/div>\n\t\t\t\t\t\t<\/div>\n\t\t\t\t<\/div>\n\t\t\t\t\t<\/div>\n\t\t<\/div>\n\t\t\t\t\t<\/div>\n\t\t<\/section>\n\t\t\t\t<\/div>\n\t\t","protected":false},"excerpt":{"rendered":"<p>Aktualno\u015bci<\/p>\n","protected":false},"author":1,"featured_media":0,"parent":0,"menu_order":0,"comment_status":"closed","ping_status":"closed","template":"","meta":{"footnotes":""},"class_list":["post-4059","page","type-page","status-publish","hentry","post"],"_links":{"self":[{"href":"https:\/\/pukgminasiemiatycze.pl\/index.php\/wp-json\/wp\/v2\/pages\/4059","targetHints":{"allow":["GET"]}}],"collection":[{"href":"https:\/\/pukgminasiemiatycze.pl\/index.php\/wp-json\/wp\/v2\/pages"}],"about":[{"href":"https:\/\/pukgminasiemiatycze.pl\/index.php\/wp-json\/wp\/v2\/types\/page"}],"author":[{"embeddable":true,"href":"https:\/\/pukgminasiemiatycze.pl\/index.php\/wp-json\/wp\/v2\/users\/1"}],"replies":[{"embeddable":true,"href":"https:\/\/pukgminasiemiatycze.pl\/index.php\/wp-json\/wp\/v2\/comments?post=4059"}],"version-history":[{"count":3,"href":"https:\/\/pukgminasiemiatycze.pl\/index.php\/wp-json\/wp\/v2\/pages\/4059\/revisions"}],"predecessor-version":[{"id":8835,"href":"https:\/\/pukgminasiemiatycze.pl\/index.php\/wp-json\/wp\/v2\/pages\/4059\/revisions\/8835"}],"wp:attachment":[{"href":"https:\/\/pukgminasiemiatycze.pl\/index.php\/wp-json\/wp\/v2\/media?parent=4059"}],"curies":[{"name":"wp","href":"https:\/\/api.w.org\/{rel}","templated":true}]}}